{"id":4860,"date":"2024-09-24T12:43:17","date_gmt":"2024-09-24T11:43:17","guid":{"rendered":"http:\/\/new.panaderia-zipf.com\/?page_id=4860"},"modified":"2024-09-24T13:11:53","modified_gmt":"2024-09-24T12:11:53","slug":"transparencia","status":"publish","type":"page","link":"https:\/\/www.panaderia-zipf.com\/es\/transparencia","title":{"rendered":"Transparencia"},"content":{"rendered":"<p>[vc_row css=\u00bb.vc_custom_1726071008603{padding-bottom: 30px !important;}\u00bb][vc_column]<div class=\"mkdf-single-image-holder   \">\n    <div class=\"mkdf-si-inner\" >\n                                    <img loading=\"lazy\" decoding=\"async\" width=\"1920\" height=\"300\" src=\"https:\/\/www.panaderia-zipf.com\/wp-content\/uploads\/2024\/09\/impressum.jpg\" class=\"attachment-full size-full\" alt=\"\" srcset=\"https:\/\/www.panaderia-zipf.com\/wp-content\/uploads\/2024\/09\/impressum.jpg 1920w, https:\/\/www.panaderia-zipf.com\/wp-content\/uploads\/2024\/09\/impressum-300x47.jpg 300w, https:\/\/www.panaderia-zipf.com\/wp-content\/uploads\/2024\/09\/impressum-1024x160.jpg 1024w, https:\/\/www.panaderia-zipf.com\/wp-content\/uploads\/2024\/09\/impressum-768x120.jpg 768w, https:\/\/www.panaderia-zipf.com\/wp-content\/uploads\/2024\/09\/impressum-1536x240.jpg 1536w\" sizes=\"auto, (max-width: 1920px) 100vw, 1920px\" \/>                        <\/div>\n<\/div>[\/vc_column][\/vc_row][vc_row row_content_width=\u00bbgrid\u00bb][vc_column][vc_column_text css=\u00bb.vc_custom_1727178196716{padding-bottom: 20px !important;}\u00bb]<\/p>\n<h1 style=\"text-align: center;\">Transparencia<\/h1>\n<p>[\/vc_column_text][vc_row_inner][vc_column_inner width=\u00bb1\/2&#8243;][vc_column_text]<\/p>\n<section id=\"introduccion\">\n<h3>Introducci\u00f3n<\/h3>\n<p>La entidad PANADERIA OLIVER ZIPF, S.L. UNIPERSONAL, en su compromiso con la transparencia, incorpora en su web una apartado espec\u00edfico con el fin de poner a disposici\u00f3n del ciudadano este Portal de Transparencia, con todos los apartados requeridos por la normativa aplicable, en aras de ofrecer una informaci\u00f3n clara, veraz, accesible y cercana, cumpliendo con lo establecido en la Ley 12\/1014, de 26 de diciembre, de transparencia y de acceso a la informaci\u00f3n p\u00fablica del Gobierno de Canarias.<\/p>\n<\/section>\n<section id=\"institucional\">\n<h3>Institucional y organizativo<\/h3>\n<p>Con el \u00e1nimo de continuar o perpetuar la tradici\u00f3n familiar de panader\u00eda alemana, iniciada por Don Hermann Zipf en 1982, se constituye esta entidad mercantil el 23 de octubre de 1.997, mediante escritura p\u00fablica otorgada ante el Notario de Maspalomas, don Jos\u00e9 Chafer Rudilla, con n\u00famero de protocolo 2.254, provista del C.I.F. n\u00famero B-35493584, para elaborar pan y boller\u00eda tradicional alemana, con el fin de dar a su clientela el verdadero y tradicional sabor del pan y la pasteler\u00eda alemana artesanal.<\/p>\n<p>El capital social es de 50.000,00 euros, totalmente asumido y desembolsado por el \u00fanico socio, D. Oliver Konrad Zipf.<\/p>\n<p>El \u00f3rgano de administraci\u00f3n de la sociedad es el de Administrador \u00danico, con duraci\u00f3n indefinida, encarg\u00e1ndose de la gesti\u00f3n y representaci\u00f3n de la entidad. Siendo el Administrador \u00danico de la entidad D. Oliver Konrad Zipf, qui\u00e9n percibe una remuneraci\u00f3n por el mismo.<\/p>\n<p>&nbsp;<\/p>\n<\/section>\n<p>El promedio de empleados a cargo de esta entidad es de unos 30, a lo largo del a\u00f1o, en funci\u00f3n de las necesidades de producci\u00f3n y demanda.La empresa siempre ha apostado por la estabilidad del empleo, la igualdad de oportunidades y retributiva, sin distinci\u00f3n de ninguna clase (sexo, nacimiento, religi\u00f3n, raza, opini\u00f3n o cualquier otra condici\u00f3n o circunstancia personal o social). Y a pesar de los horarios que conlleva la industria panadera y la actividad hostelera, apuesta por la conciliaci\u00f3n laboral, personal y familiar, en aras de crear un satisfactorio clima laboral. Se intenta fomentar la transparencia y la participaci\u00f3n, con el fin de mejorar.A\u00f1adir si se puede, pdf con la escritura de constituci\u00f3n de 1997, la escritura de 23 de febrero de 2005 (ampliando el capital) y la de 22 de enero 2014 (cargo retribuido).<\/p>\n<p><a href=\"https:\/\/www.panaderia-zipf.com\/wp-content\/uploads\/2024\/09\/EscrituraEmpresa.pdf\">Descarga Escritura<\/a>[\/vc_column_text][\/vc_column_inner][vc_column_inner width=\u00bb1\/2&#8243;][vc_column_text]<\/p>\n<section id=\"InfEco\">\n<h3>Informaci\u00f3n econ\u00f3mica, financiera y legislativa<\/h3>\n<p>La entidad cumple con sus obligaciones fiscales, laborales y administrativas.<\/p>\n<p>Presentado, en tiempo y forma, sus cuentas anuales ante el Registro Mercantil competente.<\/p>\n<p><a href=\"https:\/\/www.panaderia-zipf.com\/wp-content\/uploads\/2024\/09\/CuentasAnuales2021.pdf\">Descarga Cuentas Anuales 2021<\/a><\/p>\n<\/section>\n<section id=\"convenios\">\n<h3>Convenios colectivos aplicables<\/h3>\n<p>Adem\u00e1s de la legislaci\u00f3n laboral vigente, a la entidad PANADERIA OLIVER ZIPF, S.L. son de aplicaci\u00f3n los siguientes Convenios Colectivo:<\/p>\n<p>Para su industria panadera: Convenio colectivo del Sector Panader\u00eda de la Provincia de Las Palmas (BOP Las Palmas, Anexo al n\u00fam. 56, de 30\/04\/2010).<\/p>\n<p>Para su actividad hostelera: Convenio colectivo del Sector de Hosteler\u00eda de la Provincia de Las Palmas (BOP Las Palmas, Anexo al n\u00fam. 33, de 17\/03\/2017).<\/p>\n<p><a href=\"https:\/\/www.panaderia-zipf.com\/wp-content\/uploads\/2024\/09\/Convenio_Panaderia.pdf\">Descarga Convenio panaderia<\/a><\/p>\n<p><a href=\"https:\/\/www.panaderia-zipf.com\/wp-content\/uploads\/2024\/09\/Convenio_Hosteleria.pdf\">Descarga Convenio hosteleria<\/a><\/p>\n<\/section>\n<p>[\/vc_column_text][\/vc_column_inner][\/vc_row_inner][vc_row_inner][vc_column_inner width=\u00bb1\/2&#8243;][vc_column_text]<\/p>\n<h3>Legislaci\u00f3n transparencia y comisionado de transparencia<\/h3>\n<p>Ley Canaria 12\/2014.<\/p>\n<p><a href=\"https:\/\/www.boe.es\/eli\/es-cn\/l\/2014\/12\/26\/12\" target=\"_blank\" rel=\"noopener\">Descarga la Ley 12\/2014, de 26 de diciembre, de transparencia y de acceso a la informaci\u00f3n p\u00fablica<\/a><\/p>\n<p>El objeto de la ley es la regulaci\u00f3n de la transparencia de la actividad p\u00fablica y del ejercicio del derecho de acceso a la informaci\u00f3n p\u00fablica en el \u00e1mbito de la Comunidad Aut\u00f3noma de Canarias.<\/p>\n<p>\u00c1mbito de aplicaci\u00f3n comprende tanto la Administraci\u00f3n p\u00fablica de la Comunidad Aut\u00f3noma como las entidades p\u00fablicas y privadas vinculadas o dependientes de la misma. Adem\u00e1s, en lo que se refiere a su actividad sujeta al Derecho administrativo, quedan sujetas a lo establecido en la ley las instituciones estatutarias.<\/p>\n<p>Se recoge la obligaci\u00f3n de publicar la informaci\u00f3n que se establece en el t\u00edtulo II, con las adaptaciones que sean precisas, de los partidos pol\u00edticos, organizaciones sindicales y empresariales as\u00ed como a las dem\u00e1s entidades privadas que perciban durante el per\u00edodo de un a\u00f1o ayudas o subvenciones p\u00fablicas financiadas con cargo a los Presupuestos de la Comunidad Aut\u00f3noma de Canarias, cuando las ayudas o subvenciones que perciban superen los 60.000 euros o cuando las mismas representen al menos el 30% del total de sus ingresos anuales siempre que alcancen como m\u00ednimo la cantidad de 5.000 euros. Y, por \u00faltimo, la obligaci\u00f3n de suministrar informaci\u00f3n de las personas f\u00edsicas y jur\u00eddicas que presten servicios p\u00fablicos, ejerzan potestades administrativas o tengan vinculaci\u00f3n contractual con los organismos y entidades p\u00fablicas sujetas a la ley.<\/p>\n<p>Ley Estatal 19\/2013.<\/p>\n<p><a href=\"https:\/\/www.boe.es\/eli\/es\/l\/2013\/12\/09\/19\/con\" target=\"_blank\" rel=\"noopener\">Descarga la Ley 19\/2013, de 9 de diciembre, de transparencia, acceso a la informaci\u00f3n p\u00fablica y buen gobierno<\/a><\/p>\n<p>Esta Ley tiene por objeto ampliar y reforzar la transparencia de la actividad p\u00fablica, regular y garantizar el derecho de acceso a la informaci\u00f3n relativa a aquella actividad y establecer las obligaciones de buen gobierno que deben cumplir los responsables p\u00fablicos as\u00ed como las consecuencias derivadas de su incumplimiento.<\/p>\n<p>Siendo de aplicaci\u00f3n a:<br \/>\na) Los partidos pol\u00edticos, organizaciones sindicales y organizaciones empresariales.<br \/>\nb) Las entidades privadas que perciban durante el per\u00edodo de un a\u00f1o ayudas o subvenciones p\u00fablicas en una cuant\u00eda superior a 100.000 euros o cuando al menos el 40\u2009% del total de sus ingresos anuales tengan car\u00e1cter de ayuda o subvenci\u00f3n p\u00fablica, siempre que alcancen como m\u00ednimo la cantidad de 5.000 euros.<\/p>\n<p><a href=\"https:\/\/transparenciacanarias.org\/\" target=\"_blank\" rel=\"noopener\">Comisionado de Transparencia de Canarias<\/a><\/p>\n<p>El ciudadano tiene derecho a reclamar ante el Comisionado de Transparencia en el caso de que no se le conceda acceso a la informaci\u00f3n solicitada a la entidad Panader\u00eda Oliver Zipf, Sociedad Limitada.[\/vc_column_text][\/vc_column_inner][vc_column_inner width=\u00bb1\/2&#8243;][vc_column_text]<\/p>\n<section id=\"Ayudas\">\n<h3>Ayudas y subvenciones<\/h3>\n<p>Esta entidad ha recibido en el a\u00f1o 2021 m\u00e1s de 100.000 euros de subvenci\u00f3n de la L\u00ednea 2 de Covid de Ayudas directas a personas aut\u00f3nomos y empresas previstas en el T\u00edtulo I del Real Decreto Ley 5\/2021, de 12 de marzo, financiado por el Gobierno de Espa\u00f1a.<\/p>\n<\/section>\n<section id=\"contratosyconvenios\">\n<h3>Contratos y convenios<\/h3>\n<p>Esta entidad no tiene contratos, encomiendas de gesti\u00f3n o convenios con la Administraci\u00f3n P\u00fablica en el a\u00f1o 2021.<\/p>\n<\/section>\n<section id=\"ProtTrans\">\n<h3>Protocolo de transparencia<\/h3>\n<p>Protocolo de transparencia de nuestra Entidad:<\/p>\n<p>Con el objeto de que Panader\u00eda Oliver Zipf, sea una entidad transparente, con este protocolo se define y desarrollan las actuaciones y procedimientos para cumplir con la legislaci\u00f3n vigente en materia de Transparencia y de acceso a la Informaci\u00f3n P\u00fablica (Ley Canaria 12\/2014 y Ley Estatal , adem\u00e1s de dar cumplimiento a las exigencias establecidas por el Comisionado de Transparencia y Acceso a la informaci\u00f3n P\u00fablica de Canarias, respondiendo al proceso de evaluaci\u00f3n y mejora, con el fin de favorecer la calidad de las actuaciones de esta entidad, las pol\u00edticas sobre transparencia en la gesti\u00f3n y publicaci\u00f3n de la empresa y sus recursos:<\/p>\n<p>\u2022 Dep\u00f3sito de documentaci\u00f3n Econ\u00f3mica en el Registro Mercantil.<br \/>\n\u2022 Publicaci\u00f3n de las Cuentas Anuales de la entidad.<br \/>\n\u2022 Identificaci\u00f3n de las fuentes de financiaci\u00f3n e importes anuales que recibe la entidad<br \/>\n\u2022 Publicaci\u00f3n en la web de organigrama y funcionamiento, servicios que prestamos y formas de acceder a ellos, noticias y art\u00edculos de inter\u00e9s.<br \/>\n\u2022 Y todo aquello que como entidad que recibe fondos p\u00fablicos por importe superior a 60.000 euros, debemos recoger seg\u00fan la Ley 12\/2014 de Transparencia del Gobierno de Canarias.<\/p>\n<\/section>\n<p>[\/vc_column_text][\/vc_column_inner][\/vc_row_inner][vc_empty_space height=\u00bb50px\u00bb][\/vc_column][\/vc_row][vc_row][vc_column][vc_column_text]<\/p>\n<p>[\/vc_column_text][\/vc_column][\/vc_row]<\/p>\n","protected":false},"excerpt":{"rendered":"<p>[vc_row css=\u00bb.vc_custom_1726071008603{padding-bottom: 30px !important;}\u00bb][vc_column][\/vc_column][\/vc_row][vc_row row_content_width=\u00bbgrid\u00bb][vc_column][vc_column_text css=\u00bb.vc_custom_1727178196716{padding-bottom: 20px !important;}\u00bb] Transparencia [\/vc_column_text][vc_row_inner][vc_column_inner [&hellip;]<\/p>\n","protected":false},"author":1,"featured_media":0,"parent":0,"menu_order":0,"comment_status":"closed","ping_status":"closed","template":"full-width.php","meta":{"footnotes":""},"class_list":["post-4860","page","type-page","status-publish","hentry"],"_links":{"self":[{"href":"https:\/\/www.panaderia-zipf.com\/es\/wp-json\/wp\/v2\/pages\/4860","targetHints":{"allow":["GET"]}}],"collection":[{"href":"https:\/\/www.panaderia-zipf.com\/es\/wp-json\/wp\/v2\/pages"}],"about":[{"href":"https:\/\/www.panaderia-zipf.com\/es\/wp-json\/wp\/v2\/types\/page"}],"author":[{"embeddable":true,"href":"https:\/\/www.panaderia-zipf.com\/es\/wp-json\/wp\/v2\/users\/1"}],"replies":[{"embeddable":true,"href":"https:\/\/www.panaderia-zipf.com\/es\/wp-json\/wp\/v2\/comments?post=4860"}],"version-history":[{"count":5,"href":"https:\/\/www.panaderia-zipf.com\/es\/wp-json\/wp\/v2\/pages\/4860\/revisions"}],"predecessor-version":[{"id":4878,"href":"https:\/\/www.panaderia-zipf.com\/es\/wp-json\/wp\/v2\/pages\/4860\/revisions\/4878"}],"wp:attachment":[{"href":"https:\/\/www.panaderia-zipf.com\/es\/wp-json\/wp\/v2\/media?parent=4860"}],"curies":[{"name":"wp","href":"https:\/\/api.w.org\/{rel}","templated":true}]}}