{"id":4639,"date":"2024-09-13T17:10:16","date_gmt":"2024-09-13T16:10:16","guid":{"rendered":"http:\/\/new.panaderia-zipf.com\/puntos-de-venta"},"modified":"2024-10-03T17:08:55","modified_gmt":"2024-10-03T16:08:55","slug":"gastronomia-y-hoteleria","status":"publish","type":"page","link":"https:\/\/www.panaderia-zipf.com\/es\/gastronomia-y-hoteleria","title":{"rendered":"Gastronom\u00eda y Hoteler\u00eda"},"content":{"rendered":"<p>[vc_row css=\u00bb.vc_custom_1726071031739{padding-bottom: 30px !important;}\u00bb][vc_column]<div class=\"mkdf-single-image-holder   \">\n    <div class=\"mkdf-si-inner\" >\n                                    <img loading=\"lazy\" decoding=\"async\" width=\"1920\" height=\"300\" src=\"https:\/\/www.panaderia-zipf.com\/wp-content\/uploads\/2024\/09\/filialen.jpg\" class=\"attachment-full size-full\" alt=\"\" srcset=\"https:\/\/www.panaderia-zipf.com\/wp-content\/uploads\/2024\/09\/filialen.jpg 1920w, https:\/\/www.panaderia-zipf.com\/wp-content\/uploads\/2024\/09\/filialen-300x47.jpg 300w, https:\/\/www.panaderia-zipf.com\/wp-content\/uploads\/2024\/09\/filialen-1024x160.jpg 1024w, https:\/\/www.panaderia-zipf.com\/wp-content\/uploads\/2024\/09\/filialen-768x120.jpg 768w, https:\/\/www.panaderia-zipf.com\/wp-content\/uploads\/2024\/09\/filialen-1536x240.jpg 1536w\" sizes=\"auto, (max-width: 1920px) 100vw, 1920px\" \/>                        <\/div>\n<\/div>[\/vc_column][\/vc_row][vc_row row_content_width=\u00bbgrid\u00bb css=\u00bb.vc_custom_1727449688438{padding-top: 25px !important;padding-bottom: 30px !important;}\u00bb][vc_column offset=\u00bbvc_col-md-4&#8243;][vc_column_text]<\/p>\n<h1 style=\"text-align: center;\">Gastronom\u00eda y Hoteler\u00eda<\/h1>\n<p>[\/vc_column_text][vc_empty_space height=\u00bb\u00bb css=\u00bb.vc_custom_1560254901583{margin-top: -24px !important;}\u00bb]<h2 class=\"mkdf-custom-font-holder  mkdf-cf-9554  \" style=\"font-family: cormorant;font-size: 30px;font-weight: 300;font-style: italic;text-transform: initial;text-align: center\" data-item-class=\"mkdf-cf-9554\">\n\tLa tradici\u00f3n se encuentra con la masa fresca.<\/h2>[vc_empty_space height=\u00bb20px\u00bb]<div class=\"mkdf-single-image-holder   \">\n    <div class=\"mkdf-si-inner\" >\n                                    <img loading=\"lazy\" decoding=\"async\" width=\"1000\" height=\"1000\" src=\"https:\/\/www.panaderia-zipf.com\/wp-content\/uploads\/2024\/10\/AdobeStock_201698230-Kopie.jpg\" class=\"attachment-full size-full\" alt=\"\" srcset=\"https:\/\/www.panaderia-zipf.com\/wp-content\/uploads\/2024\/10\/AdobeStock_201698230-Kopie.jpg 1000w, https:\/\/www.panaderia-zipf.com\/wp-content\/uploads\/2024\/10\/AdobeStock_201698230-Kopie-300x300.jpg 300w, https:\/\/www.panaderia-zipf.com\/wp-content\/uploads\/2024\/10\/AdobeStock_201698230-Kopie-150x150.jpg 150w, https:\/\/www.panaderia-zipf.com\/wp-content\/uploads\/2024\/10\/AdobeStock_201698230-Kopie-768x768.jpg 768w, https:\/\/www.panaderia-zipf.com\/wp-content\/uploads\/2024\/10\/AdobeStock_201698230-Kopie-650x650.jpg 650w\" sizes=\"auto, (max-width: 1000px) 100vw, 1000px\" \/>                        <\/div>\n<\/div>[\/vc_column][vc_column offset=\u00bbvc_col-md-8&#8243;][vc_empty_space height=\u00bb13px\u00bb][vc_column_text]\n<span class=\"mkdf-dropcaps mkdf-normal\" style=\"font-size: 112px;font-weight: 400;line-height: 75px;color: #000\">\n\tA<\/span><span class=\"C9DxTc \">qui le mostramos nuestros productos dise\u00f1ados especialmente para el sector de la hosteler\u00eda.<br \/>\nNos enorgullece ofrecer soluciones adaptadas a las necesidades de hoteles, supermercados, restaurantes y muchos otros establecimientos gastron\u00f3micos.<\/span><\/p>\n<p>Ya sea que tengas un hotel, un restaurante, un bar o cualquier otro establecimiento de la industria de la hosteler\u00eda, nuestra amplia variedad de productos te ayudar\u00e1n a destacarte en un mercado competitivo y a generar una impresi\u00f3n duradera en tus clientes.<\/p>\n<p>Esta gama de productos de hosteler\u00eda son perfectos para impresionar a tus valiosos clientes. Sabemos lo importante que es brindar una experiencia excepcional en tu negocio, y nuestros productos est\u00e1n dise\u00f1ados espec\u00edficamente para ayudarte a lograrlo.<\/p>\n<h4>\u00bfTrabaja en el sector de la gastronom\u00eda o la hoteler\u00eda y le gustar\u00eda ofrecer a sus clientes nuestros productos de panader\u00eda?<\/h4>\n<p>Siempre estamos en busca de nuevos socios en el sector gastron\u00f3mico y hotelero que valoren la calidad y la frescura. Como nuestro socio, se beneficiar\u00e1 de nuestro amplio surtido, tiempos de entrega flexibles y nuestra larga experiencia en el arte de la panader\u00eda. \u00a1No dude en contactarnos para conocer m\u00e1s sobre las posibilidades de colaboraci\u00f3n![\/vc_column_text][vc_empty_space height=\u00bb20px\u00bb]<a itemprop=\"url\" href=\"\/es\/contacto\" target=\"_self\"  class=\"mkdf-btn mkdf-btn-small mkdf-btn-solid\"  >\n    <span class=\"mkdf-btn-text\">Contacto<\/span>\n\t<\/a>[\/vc_column][\/vc_row][vc_row row_content_width=\u00bbgrid\u00bb content_text_aligment=\u00bbcenter\u00bb css=\u00bb.vc_custom_1552897461220{padding-top: 113px !important;}\u00bb][vc_column css=\u00bb.vc_custom_1727465372905{padding-bottom: 60px !important;}\u00bb]<div class=\"mkdf-section-title-holder  \" >\n\t<div class=\"mkdf-st-inner\">\n\t\t\t\t\t<h1 class=\"mkdf-st-title\" >\n\t\t\t\tProdukte f\u00fcr die Gastronomie und Hotel\t\t\t<\/h1>\n\t\t\t\t\t\t\t<span class=\"mkdf-st-text\" style=\"margin-top: 10px\">\n\t\t\t\tProfitieren Sie von unserer langj\u00e4hrigen Erfahrung und ma\u00dfgeschneiderten L\u00f6sungen,<br \/>\ndie auf die Bed\u00fcrfnisse der Gastronomie und Hotellerie abgestimmt sind.\t\t\t<\/span>\n\t\t\t\t\t<\/div>\n<\/div>[\/vc_column][\/vc_row][vc_row row_content_width=\u00bbgrid\u00bb css=\u00bb.vc_custom_1727449688438{padding-top: 25px !important;padding-bottom: 30px !important;}\u00bb][vc_column offset=\u00bbvc_col-md-4&#8243;]<div class=\"mkdf-single-image-holder   \">\n    <div class=\"mkdf-si-inner\" >\n                                    <img loading=\"lazy\" decoding=\"async\" width=\"300\" height=\"169\" src=\"https:\/\/www.panaderia-zipf.com\/wp-content\/uploads\/2024\/09\/Barras-10-300x169.jpg\" class=\"attachment-medium size-medium\" alt=\"\" srcset=\"https:\/\/www.panaderia-zipf.com\/wp-content\/uploads\/2024\/09\/Barras-10-300x169.jpg 300w, https:\/\/www.panaderia-zipf.com\/wp-content\/uploads\/2024\/09\/Barras-10-1024x575.jpg 1024w, https:\/\/www.panaderia-zipf.com\/wp-content\/uploads\/2024\/09\/Barras-10-768x431.jpg 768w, https:\/\/www.panaderia-zipf.com\/wp-content\/uploads\/2024\/09\/Barras-10.jpg 1280w\" sizes=\"auto, (max-width: 300px) 100vw, 300px\" \/>                        <\/div>\n<\/div>[\/vc_column][vc_column offset=\u00bbvc_col-md-8&#8243;][vc_column_text]<\/p>\n<h3>Bauernbrot<\/h3>\n<p>Unser Bauernbrot wird mit Sorgfalt aus hochwertigsten Zutaten gebacken. Roggenmehl verleiht mit seinem reichen Geschmack und seiner charakteristischen Textur jeder Scheibe eine einzigartige Note. Jeder Bissen wird Sie in die Tradition und W\u00e4rme der handwerklichen B\u00e4ckerei entf\u00fchren.<\/p>\n<p>Gewicht 1500g | Zutaten: Mehl: 50 % Weizen, 50 % Roggen[\/vc_column_text][\/vc_column][\/vc_row][vc_row row_content_width=\u00bbgrid\u00bb css=\u00bb.vc_custom_1727449688438{padding-top: 25px !important;padding-bottom: 30px !important;}\u00bb][vc_column offset=\u00bbvc_col-md-4&#8243;]<div class=\"mkdf-single-image-holder   \">\n    <div class=\"mkdf-si-inner\" >\n                                    <img loading=\"lazy\" decoding=\"async\" width=\"300\" height=\"169\" src=\"https:\/\/www.panaderia-zipf.com\/wp-content\/uploads\/2024\/09\/Barra-Ludwig-300x169.jpg\" class=\"attachment-medium size-medium\" alt=\"\" srcset=\"https:\/\/www.panaderia-zipf.com\/wp-content\/uploads\/2024\/09\/Barra-Ludwig-300x169.jpg 300w, https:\/\/www.panaderia-zipf.com\/wp-content\/uploads\/2024\/09\/Barra-Ludwig-1024x575.jpg 1024w, https:\/\/www.panaderia-zipf.com\/wp-content\/uploads\/2024\/09\/Barra-Ludwig-768x431.jpg 768w, https:\/\/www.panaderia-zipf.com\/wp-content\/uploads\/2024\/09\/Barra-Ludwig.jpg 1280w\" sizes=\"auto, (max-width: 300px) 100vw, 300px\" \/>                        <\/div>\n<\/div>[\/vc_column][vc_column offset=\u00bbvc_col-md-8&#8243;][vc_column_text]<\/p>\n<h3>Pan Ludwig<\/h3>\n<p>Unser Bauernbrot wird mit Sorgfalt aus hochwertigsten Zutaten gebacken. Roggenmehl verleiht mit seinem reichen Geschmack und seiner charakteristischen Textur jeder Scheibe eine einzigartige Note. Jeder Bissen wird Sie in die Tradition und W\u00e4rme der handwerklichen B\u00e4ckerei entf\u00fchren.<\/p>\n<p>Gewicht 1500g | Zutaten: Mehl: 50 % Weizen, 50 % Roggen[\/vc_column_text][\/vc_column][\/vc_row][vc_row row_content_width=\u00bbgrid\u00bb css=\u00bb.vc_custom_1727449688438{padding-top: 25px !important;padding-bottom: 30px !important;}\u00bb][vc_column offset=\u00bbvc_col-md-4&#8243;]<div class=\"mkdf-single-image-holder   \">\n    <div class=\"mkdf-si-inner\" >\n                                    <img loading=\"lazy\" decoding=\"async\" width=\"300\" height=\"169\" src=\"https:\/\/www.panaderia-zipf.com\/wp-content\/uploads\/2024\/09\/Campesino-300x169.jpg\" class=\"attachment-medium size-medium\" alt=\"\" srcset=\"https:\/\/www.panaderia-zipf.com\/wp-content\/uploads\/2024\/09\/Campesino-300x169.jpg 300w, https:\/\/www.panaderia-zipf.com\/wp-content\/uploads\/2024\/09\/Campesino-1024x575.jpg 1024w, https:\/\/www.panaderia-zipf.com\/wp-content\/uploads\/2024\/09\/Campesino-768x431.jpg 768w, https:\/\/www.panaderia-zipf.com\/wp-content\/uploads\/2024\/09\/Campesino.jpg 1280w\" sizes=\"auto, (max-width: 300px) 100vw, 300px\" \/>                        <\/div>\n<\/div>[\/vc_column][vc_column offset=\u00bbvc_col-md-8&#8243;][vc_column_text]<\/p>\n<h3>Pan Espelta CHIA<\/h3>\n<p>Unser Bauernbrot wird mit Sorgfalt aus hochwertigsten Zutaten gebacken. Roggenmehl verleiht mit seinem reichen Geschmack und seiner charakteristischen Textur jeder Scheibe eine einzigartige Note. Jeder Bissen wird Sie in die Tradition und W\u00e4rme der handwerklichen B\u00e4ckerei entf\u00fchren.<\/p>\n<p>Gewicht 1500g | Zutaten: Mehl: 50 % Weizen, 50 % Roggen[\/vc_column_text][\/vc_column][\/vc_row][vc_row row_content_width=\u00bbgrid\u00bb css=\u00bb.vc_custom_1727449688438{padding-top: 25px !important;padding-bottom: 30px !important;}\u00bb][vc_column offset=\u00bbvc_col-md-4&#8243;]<div class=\"mkdf-single-image-holder   \">\n    <div class=\"mkdf-si-inner\" >\n                                    <img loading=\"lazy\" decoding=\"async\" width=\"300\" height=\"169\" src=\"https:\/\/www.panaderia-zipf.com\/wp-content\/uploads\/2024\/09\/Para_Instagram-hor-300x169.jpg\" class=\"attachment-medium size-medium\" alt=\"\" srcset=\"https:\/\/www.panaderia-zipf.com\/wp-content\/uploads\/2024\/09\/Para_Instagram-hor-300x169.jpg 300w, https:\/\/www.panaderia-zipf.com\/wp-content\/uploads\/2024\/09\/Para_Instagram-hor-1024x575.jpg 1024w, https:\/\/www.panaderia-zipf.com\/wp-content\/uploads\/2024\/09\/Para_Instagram-hor-768x431.jpg 768w, https:\/\/www.panaderia-zipf.com\/wp-content\/uploads\/2024\/09\/Para_Instagram-hor.jpg 1280w\" sizes=\"auto, (max-width: 300px) 100vw, 300px\" \/>                        <\/div>\n<\/div>[\/vc_column][vc_column offset=\u00bbvc_col-md-8&#8243;][vc_column_text]<\/p>\n<h3>6-Korn-Brot<\/h3>\n<p>Unser Bauernbrot wird mit Sorgfalt aus hochwertigsten Zutaten gebacken. Roggenmehl verleiht mit seinem reichen Geschmack und seiner charakteristischen Textur jeder Scheibe eine einzigartige Note. Jeder Bissen wird Sie in die Tradition und W\u00e4rme der handwerklichen B\u00e4ckerei entf\u00fchren.<\/p>\n<p>Gewicht 1500g | Zutaten: Mehl: 50 % Weizen, 50 % Roggen[\/vc_column_text][\/vc_column][\/vc_row][vc_row row_content_width=\u00bbgrid\u00bb css=\u00bb.vc_custom_1727449688438{padding-top: 25px !important;padding-bottom: 30px !important;}\u00bb][vc_column offset=\u00bbvc_col-md-4&#8243;]<div class=\"mkdf-single-image-holder   \">\n    <div class=\"mkdf-si-inner\" >\n                                    <img loading=\"lazy\" decoding=\"async\" width=\"300\" height=\"169\" src=\"https:\/\/www.panaderia-zipf.com\/wp-content\/uploads\/2024\/09\/Barras-Vital-17-hor-300x169.jpg\" class=\"attachment-medium size-medium\" alt=\"\" srcset=\"https:\/\/www.panaderia-zipf.com\/wp-content\/uploads\/2024\/09\/Barras-Vital-17-hor-300x169.jpg 300w, https:\/\/www.panaderia-zipf.com\/wp-content\/uploads\/2024\/09\/Barras-Vital-17-hor-1024x575.jpg 1024w, https:\/\/www.panaderia-zipf.com\/wp-content\/uploads\/2024\/09\/Barras-Vital-17-hor-768x431.jpg 768w, https:\/\/www.panaderia-zipf.com\/wp-content\/uploads\/2024\/09\/Barras-Vital-17-hor.jpg 1280w\" sizes=\"auto, (max-width: 300px) 100vw, 300px\" \/>                        <\/div>\n<\/div>[\/vc_column][vc_column offset=\u00bbvc_col-md-8&#8243;][vc_column_text]<\/p>\n<h3>VITALBROT<\/h3>\n<p>Unser Bauernbrot wird mit Sorgfalt aus hochwertigsten Zutaten gebacken. Roggenmehl verleiht mit seinem reichen Geschmack und seiner charakteristischen Textur jeder Scheibe eine einzigartige Note. Jeder Bissen wird Sie in die Tradition und W\u00e4rme der handwerklichen B\u00e4ckerei entf\u00fchren.<\/p>\n<p>Gewicht 1500g | Zutaten: Mehl: 50 % Weizen, 50 % Roggen[\/vc_column_text][\/vc_column][\/vc_row][vc_row row_content_width=\u00bbgrid\u00bb css=\u00bb.vc_custom_1727449688438{padding-top: 25px !important;padding-bottom: 30px !important;}\u00bb][vc_column offset=\u00bbvc_col-md-4&#8243;]<div class=\"mkdf-single-image-holder   \">\n    <div class=\"mkdf-si-inner\" >\n                                    <img loading=\"lazy\" decoding=\"async\" width=\"300\" height=\"168\" src=\"https:\/\/www.panaderia-zipf.com\/wp-content\/uploads\/2024\/09\/media-300x168.png\" class=\"attachment-medium size-medium\" alt=\"\" srcset=\"https:\/\/www.panaderia-zipf.com\/wp-content\/uploads\/2024\/09\/media-300x168.png 300w, https:\/\/www.panaderia-zipf.com\/wp-content\/uploads\/2024\/09\/media.png 360w\" sizes=\"auto, (max-width: 300px) 100vw, 300px\" \/>                        <\/div>\n<\/div>[\/vc_column][vc_column offset=\u00bbvc_col-md-8&#8243;][vc_column_text]<\/p>\n<h3>Vollkorn-Dinkelbrot<\/h3>\n<p>Unser Bauernbrot wird mit Sorgfalt aus hochwertigsten Zutaten gebacken. Roggenmehl verleiht mit seinem reichen Geschmack und seiner charakteristischen Textur jeder Scheibe eine einzigartige Note. Jeder Bissen wird Sie in die Tradition und W\u00e4rme der handwerklichen B\u00e4ckerei entf\u00fchren.<\/p>\n<p>Gewicht 1500g | Zutaten: Mehl: 50 % Weizen, 50 % Roggen[\/vc_column_text][\/vc_column][\/vc_row][vc_row][vc_column][vc_empty_space height=\u00bb50px\u00bb][\/vc_column][\/vc_row]<\/p>\n","protected":false},"excerpt":{"rendered":"<p>[vc_row css=\u00bb.vc_custom_1726071031739{padding-bottom: 30px !important;}\u00bb][vc_column][\/vc_column][\/vc_row][vc_row row_content_width=\u00bbgrid\u00bb css=\u00bb.vc_custom_1727449688438{padding-top: 25px !important;padding-bottom: 30px !important;}\u00bb][vc_column [&hellip;]<\/p>\n","protected":false},"author":1,"featured_media":0,"parent":0,"menu_order":0,"comment_status":"closed","ping_status":"closed","template":"full-width.php","meta":{"footnotes":""},"class_list":["post-4639","page","type-page","status-publish","hentry"],"_links":{"self":[{"href":"https:\/\/www.panaderia-zipf.com\/es\/wp-json\/wp\/v2\/pages\/4639","targetHints":{"allow":["GET"]}}],"collection":[{"href":"https:\/\/www.panaderia-zipf.com\/es\/wp-json\/wp\/v2\/pages"}],"about":[{"href":"https:\/\/www.panaderia-zipf.com\/es\/wp-json\/wp\/v2\/types\/page"}],"author":[{"embeddable":true,"href":"https:\/\/www.panaderia-zipf.com\/es\/wp-json\/wp\/v2\/users\/1"}],"replies":[{"embeddable":true,"href":"https:\/\/www.panaderia-zipf.com\/es\/wp-json\/wp\/v2\/comments?post=4639"}],"version-history":[{"count":14,"href":"https:\/\/www.panaderia-zipf.com\/es\/wp-json\/wp\/v2\/pages\/4639\/revisions"}],"predecessor-version":[{"id":5887,"href":"https:\/\/www.panaderia-zipf.com\/es\/wp-json\/wp\/v2\/pages\/4639\/revisions\/5887"}],"wp:attachment":[{"href":"https:\/\/www.panaderia-zipf.com\/es\/wp-json\/wp\/v2\/media?parent=4639"}],"curies":[{"name":"wp","href":"https:\/\/api.w.org\/{rel}","templated":true}]}}