{"id":4629,"date":"2024-09-11T15:07:20","date_gmt":"2024-09-11T14:07:20","guid":{"rendered":"http:\/\/new.panaderia-zipf.com\/pie-de-imprenta"},"modified":"2024-09-23T15:19:50","modified_gmt":"2024-09-23T14:19:50","slug":"aviso-legal","status":"publish","type":"page","link":"https:\/\/www.panaderia-zipf.com\/es\/aviso-legal","title":{"rendered":"Aviso legal"},"content":{"rendered":"<p>[vc_row css=\u00bb.vc_custom_1726071008603{padding-bottom: 30px !important;}\u00bb][vc_column]<div class=\"mkdf-single-image-holder   \">\n    <div class=\"mkdf-si-inner\" >\n                                    <img loading=\"lazy\" decoding=\"async\" width=\"1920\" height=\"300\" src=\"https:\/\/www.panaderia-zipf.com\/wp-content\/uploads\/2024\/09\/impressum.jpg\" class=\"attachment-full size-full\" alt=\"\" srcset=\"https:\/\/www.panaderia-zipf.com\/wp-content\/uploads\/2024\/09\/impressum.jpg 1920w, https:\/\/www.panaderia-zipf.com\/wp-content\/uploads\/2024\/09\/impressum-300x47.jpg 300w, https:\/\/www.panaderia-zipf.com\/wp-content\/uploads\/2024\/09\/impressum-1024x160.jpg 1024w, https:\/\/www.panaderia-zipf.com\/wp-content\/uploads\/2024\/09\/impressum-768x120.jpg 768w, https:\/\/www.panaderia-zipf.com\/wp-content\/uploads\/2024\/09\/impressum-1536x240.jpg 1536w\" sizes=\"auto, (max-width: 1920px) 100vw, 1920px\" \/>                        <\/div>\n<\/div>[\/vc_column][\/vc_row][vc_row row_content_width=\u00bbgrid\u00bb][vc_column][vc_column_text css=\u00bb.vc_custom_1726068893789{padding-bottom: 20px !important;}\u00bb]<\/p>\n<h1 style=\"text-align: center;\">Impressum<\/h1>\n<p>[\/vc_column_text][vc_row_inner][vc_column_inner width=\u00bb1\/2&#8243;][vc_column_text]<strong>Informaci\u00f3n conforme a la ley<\/strong><\/p>\n<div>Panader\u00eda Oliver ZIPF, S.L.<\/div>\n<div>\n<p>Avenida Alf\u00e9reces Provisionales, 11 35100 San Bartolom\u00e9 de Tirajana.<\/p>\n<p><strong>Representado por:<\/strong>\u00a0Marcus Zipf<\/p>\n<p><strong>Contacto:<\/strong>\u00a0Tel\u00e9fono: 0034-928 145 315 Correo electr\u00f3nico:\u00a0<a href=\"mailto:web@panaderia-zipf.com\">web@panaderia-zipf.com<\/a><\/p>\n<p><strong>CIF: B35493584<\/strong><\/p>\n<\/div>\n<p>[\/vc_column_text][\/vc_column_inner][vc_column_inner width=\u00bb1\/2&#8243;][vc_column_text]DATOS IDENTIFICATIVOS En cumplimiento con el deber de informaci\u00f3n recogido en art\u00edculo 10 de la Ley 34\/2002, de 11 de julio, de Servicios de la Sociedad de la Informaci\u00f3n y del Comercio Electr\u00f3nico, se informa que la empresa titular del dominio PANADERIA-ZIPF.COM es Panader\u00eda Oliver ZIPF, S.L. (en adelante PANADER\u00cdA ZIPF), n\u00famero de C.I.F. B35493584, con domicilio a estos efectos en Avenida Alf\u00e9reces Provisionales, 11 \u2013 35100 \u2013 San Bartolom\u00e9 de Tirajana. 2) USUARIOS El acceso y\/o uso de este portal de PANADER\u00cdA ZIPF atribuye la condici\u00f3n de USUARIO, que acepta, desde dicho acceso y\/o uso, las Condiciones Generales de Uso aqu\u00ed reflejadas. Las citadas Condiciones ser\u00e1n de aplicaci\u00f3n independientemente de las Condiciones Generales de Contrataci\u00f3n que en su caso resulten de obligado cumplimiento. 3) USO DEL PORTAL PANADER\u00edA ZIPF proporciona el acceso a multitud de informaciones, servicios, programas o datos (en adelante, \u00ablos contenidos\u00bb) en Internet pertenecientes PANADER\u00cdA ZIPF a sus licenciantes a los que el USUARIO pueda tener acceso. El USUARIO asume la responsabilidad del uso del portal. Dicha responsabilidad se extiende al registro que fuese necesario para acceder a determinados servicios o contenidos. En dicho registro el USUARIO ser\u00e1 responsable de aportar informaci\u00f3n veraz y l\u00edcita. Como consecuencia de este registro, al USUARIO se le puede proporcionar una contrase\u00f1a de la que ser\u00e1 responsable, comprometi\u00e9ndose a hacer un uso diligente y confidencial de la misma. El USUARIO se compromete a hacer un uso adecuado de los contenidos y servicios (como por ejemplo servicios de chat, foros de discusi\u00f3n o grupos de noticias) que PANADER\u00cdA ZIPF ofrece a trav\u00e9s de su portal y con car\u00e1cter enunciativo pero no limitativo, a no emplearlos para: (i) incurrir en actividades il\u00edcitas, ilegales o contrarias a la buena fe y al orden p\u00fablico (ii) difundir contenidos o propaganda de car\u00e1cter racista, xen\u00f3fobo, pornogr\u00e1fico, ilegal, de apolog\u00eda del terrorismo o atentatorio contra los derechos humanos. (iii) provocar da\u00f1os en los sistemas f\u00edsicos y l\u00f3gicos de PANADER\u00cdA ZIPF, de sus proveedores o de terceras personas, introducir o difundir en la red virus inform\u00e1ticos o cualesquiera otros sistemas f\u00edsicos o l\u00f3gicos que sean susceptibles de provocar los da\u00f1os anteriormente mencionados (iv) intentar acceder y, en su caso, utilizar las cuentas de correo electr\u00f3nico de otros usuarios y modificar o manipular sus mensajes. PANADER\u00cdA ZIPF se reserva el derecho de retirar todos aquellos comentarios y aportaciones que vulneren el respeto a la dignidad de la persona, que sean discriminatorios, xen\u00f3fobos, racistas, pornogr\u00e1ficos, que atenten contra la juventud o la infancia, el orden o la seguridad p\u00fablica o que, a su juicio, no resultaran adecuados para su publicaci\u00f3n. En cualquier caso, PANADER\u00cdA ZIPF no ser\u00e1 responsable de las opiniones vertidas por los usuarios a trav\u00e9s de los foros, chats, u otras herramientas de participaci\u00f3n. 4)PROTECCI\u00d3N DE DATOS: Nombre de la empresa creadora del sitio web cumple con las directrices de la Ley Org\u00e1nica 15\/1999 de 13 de diciembre de Protecci\u00f3n de Datos de Car\u00e1cter Personal, el Real Decreto 1720\/2007 de 21 de diciembre por el que se aprueba el Reglamento de desarrollo de la Ley Org\u00e1nica y dem\u00e1s normativa vigente en cada momento, y vela por garantizar un correcto uso y tratamiento de los datos personales del usuario. Para ello, junto a cada formulario de recabo de datos de car\u00e1cter personal, en los servicios que el usuario pueda solicitar a PANADER\u00cdA ZIPF, har\u00e1 saber al usuario de la existencia y aceptaci\u00f3n de las condiciones particulares del tratamiento de sus datos en cada caso, inform\u00e1ndole de la responsabilidad del fichero creado, la direcci\u00f3n del responsable, la posibilidad de ejercer sus derechos de acceso, rectificaci\u00f3n, cancelaci\u00f3n u oposici\u00f3n, la finalidad del tratamiento y las comunicaciones de datos a terceros en su caso. Asimismo, PANADER\u00cdA ZIPF informa que da cumplimiento a la Ley 34\/2002 de 11 de julio, de Servicios de la Sociedad de la Informaci\u00f3n y el Comercio Electr\u00f3nico, siempre y cuando no sea CLIENTE de PANADER\u00cdA ZIPF, le solicitar\u00e1 su consentimiento al tratamiento de su correo electr\u00f3nico con fines comerciales en cada momento. 5) PROPIEDAD INTELECTUAL E INDUSTRIAL: PANADER\u00cdA ZIPF, es titular de todos los derechos de propiedad intelectual e industrial de su p\u00e1gina web, as\u00ed como de los elementos contenidos en la misma (a t\u00edtulo enunciativo, im\u00e1genes, sonido, audio, v\u00eddeo, software o textos; marcas o logotipos, combinaciones de colores, estructura y dise\u00f1o, selecci\u00f3n de materiales usados, programas de ordenador necesarios para su funcionamiento, acceso y uso, etc.), titularidad de PANADER\u00cdA ZIPF o bien de sus licenciantes. PANADER\u00cdA ZIPF reconoce que cierto material es propiedad de sus respectivas marcas y\/o fabricantes y que son utilizados con fines comerciales con beneficio dirigido hacia ellos mismos. Todos los derechos reservados. En virtud de lo dispuesto en los art\u00edculos 8 y 32.1, p\u00e1rrafo segundo, de la Ley de Propiedad Intelectual, quedan expresamente prohibidas la reproducci\u00f3n, la distribuci\u00f3n y la comunicaci\u00f3n p\u00fablica, incluida su modalidad de puesta a disposici\u00f3n, de la totalidad o parte de los contenidos de esta p\u00e1gina web, con fines comerciales, en cualquier soporte y por cualquier medio t\u00e9cnico, sin la autorizaci\u00f3n por escrito de PANADER\u00cdA ZIPF. El USUARIO se compromete a respetar los derechos de Propiedad Intelectual e Industrial titularidad de PANADER\u00cdA ZIPF. Podr\u00e1 visualizar los elementos del portal, e incluso imprimir aquellos que est\u00e9n generados en formato electr\u00f3nico tipo PDF o similar, pero no se permite el copiarlos y\/o almacenarlos en el disco duro de su ordenador o en cualquier otro soporte f\u00edsico. El USUARIO deber\u00e1 abstenerse de suprimir, alterar, eludir o manipular cualquier dispositivo de protecci\u00f3n o sistema de seguridad que estuviera instalado en las p\u00e1ginas de PANADER\u00cdA ZIPF. 6) EXCLUSI\u00d3N DE GARANT\u00cdAS Y RESPONSABILIDAD Nombre de la empresa creadora del sitio web. no se hace responsable, en ning\u00fan caso, de los da\u00f1os y perjuicios de cualquier naturaleza que pudieran ocasionar, a t\u00edtulo enunciativo: errores u omisiones en los contenidos, falta de disponibilidad del portal o la transmisi\u00f3n de virus o programas maliciosos o lesivos en los contenidos, a pesar de haber adoptado todas las medidas tecnol\u00f3gicas necesarias para evitarlo. 7) MODIFICACIONES PANADER\u00cdA ZIPF se reserva el derecho de efectuar sin previo aviso las modificaciones que considere oportunas en su portal, pudiendo cambiar, suprimir o a\u00f1adir tanto los contenidos y servicios que se presten a trav\u00e9s de la misma como la forma en la que \u00e9stos aparezcan presentados o localizados en su portal. De igual modo PANADER\u00cdA ZIPF informa que productos y\/o servicios en este portal anunciados pueden variar su aspecto, pero siempre mantendr\u00e1n las mismas caracter\u00edsticas t\u00e9cnicas y de calidad que las presentadas, o superiores, seg\u00fan mercado. 8) ENLACES En el caso de que en nombre WWW.PANADERIA-ZIPF.COM se dispusiesen enlaces o hiperv\u00ednculos hac\u00eda otros sitios de Internet, PANADER\u00cdA ZIPF no ejercer\u00e1 ning\u00fan tipo de control sobre dichos sitios y contenidos. En ning\u00fan caso PANADER\u00cdA ZIPF asumir\u00e1 responsabilidad alguna por los contenidos de alg\u00fan enlace perteneciente a un sitio web ajeno, ni garantizar\u00e1 la disponibilidad t\u00e9cnica, calidad, fiabilidad, exactitud, amplitud, veracidad, validez y constitucionalidad de cualquier material o informaci\u00f3n contenida en ninguno de dichos hiperv\u00ednculos u otros sitios de Internet. Igualmente la inclusi\u00f3n de estas conexiones externas no implicar\u00e1 ning\u00fan tipo de asociaci\u00f3n, fusi\u00f3n o participaci\u00f3n con las entidades conectadas. 9) DERECHO DE EXCLUSI\u00d3N PANADER\u00cdA ZIPF se reserva el derecho a denegar o retirar el acceso a portal y\/o los servicios ofrecidos sin necesidad de preaviso, a instancia propia o de un tercero, a aquellos usuarios que incumplan las presentes Condiciones Generales de Uso. 10) GENERALIDADES PANADER\u00cdA ZIPF perseguir\u00e1 el incumplimiento de las presentes condiciones as\u00ed como cualquier utilizaci\u00f3n indebida de su portal ejerciendo todas las acciones civiles y penales que le puedan corresponder en derecho. 11) MODIFICACI\u00d3N DE LAS PRESENTES CONDICIONES Y DURACI\u00d3N PANADER\u00cdA ZIPF podr\u00e1 modificar en cualquier momento las condiciones aqu\u00ed determinadas, siendo debidamente publicadas como aqu\u00ed aparecen. La vigencia de las citadas condiciones ir\u00e1 en funci\u00f3n de su exposici\u00f3n y estar\u00e1n vigentes hasta que sean modificadas por otras debidamente publicadas. 12) LEGISLACI\u00d3N APLICABLE Y JURISDICCI\u00d3N La relaci\u00f3n entre PANADER\u00cdA ZIPF y el USUARIO se regir\u00e1 por la normativa espa\u00f1ola vigente y cualquier controversia se someter\u00e1 a los Juzgados y tribunales de la ciudad de San Bartolom\u00e9 de Tirajana, renunciando el USUARIO a su propio fuero.[\/vc_column_text][\/vc_column_inner][\/vc_row_inner][vc_empty_space height=\u00bb50px\u00bb][\/vc_column][\/vc_row][vc_row][vc_column][vc_column_text]<\/p>\n<p>[\/vc_column_text][\/vc_column][\/vc_row]<\/p>\n","protected":false},"excerpt":{"rendered":"<p>[vc_row css=\u00bb.vc_custom_1726071008603{padding-bottom: 30px !important;}\u00bb][vc_column][\/vc_column][\/vc_row][vc_row row_content_width=\u00bbgrid\u00bb][vc_column][vc_column_text css=\u00bb.vc_custom_1726068893789{padding-bottom: 20px !important;}\u00bb] Impressum [\/vc_column_text][vc_row_inner][vc_column_inner [&hellip;]<\/p>\n","protected":false},"author":1,"featured_media":0,"parent":0,"menu_order":0,"comment_status":"closed","ping_status":"closed","template":"full-width.php","meta":{"footnotes":""},"class_list":["post-4629","page","type-page","status-publish","hentry"],"_links":{"self":[{"href":"https:\/\/www.panaderia-zipf.com\/es\/wp-json\/wp\/v2\/pages\/4629","targetHints":{"allow":["GET"]}}],"collection":[{"href":"https:\/\/www.panaderia-zipf.com\/es\/wp-json\/wp\/v2\/pages"}],"about":[{"href":"https:\/\/www.panaderia-zipf.com\/es\/wp-json\/wp\/v2\/types\/page"}],"author":[{"embeddable":true,"href":"https:\/\/www.panaderia-zipf.com\/es\/wp-json\/wp\/v2\/users\/1"}],"replies":[{"embeddable":true,"href":"https:\/\/www.panaderia-zipf.com\/es\/wp-json\/wp\/v2\/comments?post=4629"}],"version-history":[{"count":8,"href":"https:\/\/www.panaderia-zipf.com\/es\/wp-json\/wp\/v2\/pages\/4629\/revisions"}],"predecessor-version":[{"id":4669,"href":"https:\/\/www.panaderia-zipf.com\/es\/wp-json\/wp\/v2\/pages\/4629\/revisions\/4669"}],"wp:attachment":[{"href":"https:\/\/www.panaderia-zipf.com\/es\/wp-json\/wp\/v2\/media?parent=4629"}],"curies":[{"name":"wp","href":"https:\/\/api.w.org\/{rel}","templated":true}]}}