{"id":4621,"date":"2024-09-13T12:18:19","date_gmt":"2024-09-13T11:18:19","guid":{"rendered":"http:\/\/new.panaderia-zipf.com\/nuestras-sucursales"},"modified":"2024-10-04T15:48:51","modified_gmt":"2024-10-04T14:48:51","slug":"nuestras-sucursales","status":"publish","type":"page","link":"https:\/\/www.panaderia-zipf.com\/es\/nuestras-sucursales","title":{"rendered":"Nuestras sucursales"},"content":{"rendered":"<p>[vc_row css=\u00bb.vc_custom_1726071031739{padding-bottom: 30px !important;}\u00bb][vc_column]<div class=\"mkdf-single-image-holder   \">\n    <div class=\"mkdf-si-inner\" >\n                                    <img loading=\"lazy\" decoding=\"async\" width=\"1920\" height=\"300\" src=\"https:\/\/www.panaderia-zipf.com\/wp-content\/uploads\/2024\/09\/filialen.jpg\" class=\"attachment-full size-full\" alt=\"\" srcset=\"https:\/\/www.panaderia-zipf.com\/wp-content\/uploads\/2024\/09\/filialen.jpg 1920w, https:\/\/www.panaderia-zipf.com\/wp-content\/uploads\/2024\/09\/filialen-300x47.jpg 300w, https:\/\/www.panaderia-zipf.com\/wp-content\/uploads\/2024\/09\/filialen-1024x160.jpg 1024w, https:\/\/www.panaderia-zipf.com\/wp-content\/uploads\/2024\/09\/filialen-768x120.jpg 768w, https:\/\/www.panaderia-zipf.com\/wp-content\/uploads\/2024\/09\/filialen-1536x240.jpg 1536w\" sizes=\"auto, (max-width: 1920px) 100vw, 1920px\" \/>                        <\/div>\n<\/div>[\/vc_column][\/vc_row][vc_row row_content_width=\u00bbgrid\u00bb css=\u00bb.vc_custom_1727456152656{padding-top: 25px !important;padding-bottom: 40px !important;}\u00bb][vc_column offset=\u00bbvc_col-md-4&#8243;][vc_column_text]<\/p>\n<h1 style=\"text-align: center;\">Nuestras sucursales<\/h1>\n<p>[\/vc_column_text][vc_empty_space height=\u00bb\u00bb css=\u00bb.vc_custom_1560254901583{margin-top: -24px !important;}\u00bb]<h2 class=\"mkdf-custom-font-holder  mkdf-cf-4514  \" style=\"font-family: cormorant;font-size: 30px;font-weight: 300;font-style: italic;text-transform: initial;text-align: center\" data-item-class=\"mkdf-cf-4514\">\n\tLa tradici\u00f3n se une a la masa fresca<\/h2>[\/vc_column][vc_column offset=\u00bbvc_col-md-8&#8243;][vc_empty_space height=\u00bb13px\u00bb][vc_column_text]\n<span class=\"mkdf-dropcaps mkdf-normal\" style=\"font-size: 112px;font-weight: 400;line-height: 75px;color: #000\">\n\tLa<\/span><strong>panader\u00eda Zipf<\/strong> de Gran Canaria ofrece lo mejor del arte alem\u00e1n de la panader\u00eda en sus tres acogedoras sucursales. Tanto si est\u00e1s en Playa del Ingl\u00e9s como en El Tablero, aqu\u00ed te esperan panes reci\u00e9n horneados, panecillos crujientes y dulces que har\u00e1n de cada ma\u00f1ana toda una experiencia. En la sucursal de Zipf-Aloe, puedes desayunar en un ambiente relajado, mientras que la de ZIPF-CITA, en el coraz\u00f3n del centro comercial Cita, es un lugar pr\u00e1ctico al que acudir si tienes hambre. La sucursal principal de El Tablero abastece a todo el barrio con productos reci\u00e9n horneados todos los d\u00edas.[\/vc_column_text][\/vc_column][\/vc_row][vc_row row_content_width=\u00bbgrid\u00bb css=\u00bb.vc_custom_1726744953456{padding-top: 5px !important;padding-bottom: 5px !important;}\u00bb][vc_column css=\u00bb.vc_custom_1559742204067{padding-right: 5px !important;}\u00bb offset=\u00bbvc_col-md-6&#8243; el_class=\u00bbmkdf-main-home-column-2&#8243;]<div class=\"mkdf-elements-holder   mkdf-one-column  mkdf-responsive-mode-768 \" ><div class=\"mkdf-eh-item  mkdf-vertical-alignment-top  \" style=\"background-image: url(https:\/\/www.panaderia-zipf.com\/wp-content\/uploads\/2019\/03\/m-h-single-img-16.jpg)\" data-item-class=\"mkdf-eh-custom-1485\" data-1025-1366=\"94px 88px 95px 82px\" data-769-1024=\"27px 30px 28px 30px\" data-680=\"30px 30px 30px 30px\">\n\t<div class=\"mkdf-eh-item-inner\">\n\t\t<div class=\"mkdf-eh-item-content mkdf-eh-custom-1485\" style=\"padding: 148px 88px 102px 82px\">\n\t\t\t<div class=\"mkdf-section-title-holder  \" >\n\t<div class=\"mkdf-st-inner\">\n\t\t\t\t\t<h2 class=\"mkdf-st-title\" >\n\t\t\t\tEl Tablero\t\t\t<\/h2>\n\t\t\t\t\t\t\t<p class=\"mkdf-st-text\" >\n\t\t\t\tEn nuestra sucursal de ``El Tablero``, encontrar\u00e1s toda nuestra gama de productos de boller\u00eda fresca del d\u00eda, complementada con una selecci\u00f3n perfectamente adaptada a los h\u00e1bitos de desayuno espa\u00f1oles. Disfruta de deliciosas meriendas y desayunos tradicionales, ideales para empezar bien el d\u00eda. Tanto para llevar como para disfrutar in situ: En ``El Tablero`` encontrar\u00e1s la mezcla perfecta de variedad y sabor espa\u00f1ol.\t\t\t<\/p>\n\t\t\t\t\t<\/div>\n<\/div>[vc_empty_space height=\u00bb22px\u00bb]\t\t<\/div>\n\t<\/div>\n<\/div><\/div>[\/vc_column][vc_column css=\u00bb.vc_custom_1553003040406{padding-left: 5px !important;}\u00bb offset=\u00bbvc_col-md-6&#8243;][vc_single_image image=\u00bb4589&#8243; img_size=\u00bbfull\u00bb alignment=\u00bbright\u00bb][\/vc_column][\/vc_row][vc_row row_content_width=\u00bbgrid\u00bb css=\u00bb.vc_custom_1726744953456{padding-top: 5px !important;padding-bottom: 5px !important;}\u00bb][vc_column css=\u00bb.vc_custom_1559742204067{padding-right: 5px !important;}\u00bb offset=\u00bbvc_col-md-6&#8243; el_class=\u00bbmkdf-main-home-column-2&#8243;]<div class=\"mkdf-elements-holder   mkdf-one-column  mkdf-responsive-mode-768 \" ><div class=\"mkdf-eh-item  mkdf-vertical-alignment-top  \" style=\"background-image: url(https:\/\/www.panaderia-zipf.com\/wp-content\/uploads\/2019\/03\/m-h-single-img-16.jpg)\" data-item-class=\"mkdf-eh-custom-3289\" data-1025-1366=\"94px 88px 95px 82px\" data-769-1024=\"27px 30px 28px 30px\" data-680=\"30px 30px 30px 30px\">\n\t<div class=\"mkdf-eh-item-inner\">\n\t\t<div class=\"mkdf-eh-item-content mkdf-eh-custom-3289\" style=\"padding: 148px 88px 102px 82px\">\n\t\t\t<div class=\"mkdf-section-title-holder  \" >\n\t<div class=\"mkdf-st-inner\">\n\t\t\t\t\t<h2 class=\"mkdf-st-title\" >\n\t\t\t\tApartamentos Aloe\t\t\t<\/h2>\n\t\t\t\t\t\t\t<p class=\"mkdf-st-text\" >\n\t\t\t\tNuestra sucursal de Aloe es la m\u00e1s antigua y tradicional. Aqu\u00ed le ofrecemos a diario toda nuestra gama, siempre fresca y de la mejor calidad. En un ambiente \u00fanico que destila el encanto de lo \u00abantiguo pero hermoso\u00bb, nuestra panader\u00eda ultramoderna combina la elegancia atemporal con la comodidad moderna. Una visita a Aloe significa placer para todos los sentidos: \u00a1bienvenido a nuestra tradicional sucursal!\t\t\t<\/p>\n\t\t\t\t\t<\/div>\n<\/div>[vc_empty_space height=\u00bb22px\u00bb]\t\t<\/div>\n\t<\/div>\n<\/div><\/div>[\/vc_column][vc_column css=\u00bb.vc_custom_1553003040406{padding-left: 5px !important;}\u00bb offset=\u00bbvc_col-md-6&#8243;]<div class=\"mkdf-single-image-holder   \">\n    <div class=\"mkdf-si-inner\" >\n                                    <img loading=\"lazy\" decoding=\"async\" width=\"646\" height=\"521\" src=\"https:\/\/www.panaderia-zipf.com\/wp-content\/uploads\/2024\/09\/panaderia-alemana-aloe-1.jpg\" class=\"attachment-full size-full\" alt=\"\" srcset=\"https:\/\/www.panaderia-zipf.com\/wp-content\/uploads\/2024\/09\/panaderia-alemana-aloe-1.jpg 646w, https:\/\/www.panaderia-zipf.com\/wp-content\/uploads\/2024\/09\/panaderia-alemana-aloe-1-300x242.jpg 300w\" sizes=\"auto, (max-width: 646px) 100vw, 646px\" \/>                        <\/div>\n<\/div>[\/vc_column][\/vc_row][vc_row row_content_width=\u00bbgrid\u00bb css=\u00bb.vc_custom_1552053042997{padding-top: 5px !important;}\u00bb][vc_column css=\u00bb.vc_custom_1559742204067{padding-right: 5px !important;}\u00bb offset=\u00bbvc_col-md-6&#8243; el_class=\u00bbmkdf-main-home-column-2&#8243;]<div class=\"mkdf-elements-holder   mkdf-one-column  mkdf-responsive-mode-768 \" ><div class=\"mkdf-eh-item  mkdf-vertical-alignment-top  \" style=\"background-image: url(https:\/\/www.panaderia-zipf.com\/wp-content\/uploads\/2019\/03\/m-h-single-img-16.jpg)\" data-item-class=\"mkdf-eh-custom-8503\" data-1025-1366=\"94px 88px 95px 82px\" data-769-1024=\"27px 30px 28px 30px\" data-680=\"30px 30px 30px 30px\">\n\t<div class=\"mkdf-eh-item-inner\">\n\t\t<div class=\"mkdf-eh-item-content mkdf-eh-custom-8503\" style=\"padding: 148px 88px 102px 82px\">\n\t\t\t<div class=\"mkdf-section-title-holder  \" >\n\t<div class=\"mkdf-st-inner\">\n\t\t\t\t\t<h2 class=\"mkdf-st-title\" >\n\t\t\t\tCentro comercial Cita\t\t\t<\/h2>\n\t\t\t\t\t\t\t<p class=\"mkdf-st-text\" >\n\t\t\t\tNuestra sucursal ``CITA`` no s\u00f3lo te ofrece toda nuestra gama de productos, reci\u00e9n preparados cada d\u00eda, sino tambi\u00e9n un amplio men\u00fa de desayuno. Disfruta de nuestros deliciosos panecillos y especialidades de pan en un ambiente acogedor. Tanto para un tentempi\u00e9 r\u00e1pido como para un acogedor desayuno, en ``CITA`` encontrar\u00e1s todo lo que deseas. \u00a1Ven y empieza tu d\u00eda con el mejor sabor y una experiencia \u00fanica en nuestra sucursal!\t\t\t<\/p>\n\t\t\t\t\t<\/div>\n<\/div>[vc_empty_space height=\u00bb22px\u00bb]\t\t<\/div>\n\t<\/div>\n<\/div><\/div>[\/vc_column][vc_column css=\u00bb.vc_custom_1553003040406{padding-left: 5px !important;}\u00bb offset=\u00bbvc_col-md-6&#8243;][vc_single_image image=\u00bb4591&#8243; img_size=\u00bbfull\u00bb alignment=\u00bbright\u00bb][\/vc_column][\/vc_row][vc_row][vc_column][vc_empty_space][\/vc_column][\/vc_row][vc_row row_content_width=\u00bbgrid\u00bb css=\u00bb.vc_custom_1726746774587{padding-top: 25px !important;padding-bottom: 30px !important;}\u00bb][vc_column offset=\u00bbvc_col-md-4&#8243;][vc_column_text]<\/p>\n<div class=\"wpb_text_column wpb_content_element \">\n<div class=\"wpb_wrapper\">\n<h1 style=\"text-align: center;\">puntos de venta<\/h1>\n<\/div>\n<\/div>\n<div class=\"vc_empty_space vc_custom_1560254901583\"><\/div>\n<p>[\/vc_column_text][vc_empty_space height=\u00bb\u00bb css=\u00bb.vc_custom_1560254901583{margin-top: -24px !important;}\u00bb]<h2 class=\"mkdf-custom-font-holder  mkdf-cf-4932  \" style=\"font-family: cormorant;font-size: 30px;font-weight: 300;font-style: italic;text-transform: initial;text-align: center\" data-item-class=\"mkdf-cf-4932\">\n\tLa tradici\u00f3n se une a la masa fresca<\/h2>[vc_empty_space height=\u00bb20px\u00bb][vc_single_image image=\u00bb4298&#8243; img_size=\u00bbmedium\u00bb alignment=\u00bbcenter\u00bb][\/vc_column][vc_column offset=\u00bbvc_col-md-8&#8243;][vc_empty_space height=\u00bb13px\u00bb][vc_column_text]\n<span class=\"mkdf-dropcaps mkdf-normal\" style=\"font-size: 112px;font-weight: 400;line-height: 75px;color: #000\">\n\tN<\/span>uestros deliciosos productos de panader\u00eda y nuestras especialidades no s\u00f3lo est\u00e1n disponibles en nuestras tiendas, sino tambi\u00e9n en tiendas y cafeter\u00edas selectas de los alrededores. Ya sean panecillos frescos, pan crujiente o dulces, somos proveedores de numerosos minoristas que comparten nuestros elevados est\u00e1ndares de calidad y desean ofrecer lo mejor a sus clientes. Nuestros productos de panader\u00eda se preparan frescos todos los d\u00edas y se envasan cuidadosamente para conservar su frescura y su sabor \u00fanico. As\u00ed que si busca nuestros productos, no tiene m\u00e1s que acercarse a una de nuestras tiendas asociadas. As\u00ed, podr\u00e1 disfrutar de un trozo de nuestra reposter\u00eda artesana sobre la marcha o mientras hace la compra.<\/p>\n<h4>\u00bfLe gustar\u00eda convertirse en revendedor y ofrecer a sus clientes productos de panader\u00eda de primera calidad?<\/h4>\n<p>Estamos deseando establecer nuevas colaboraciones con tiendas, cafeter\u00edas o restaurantes que valoren la calidad y la frescura. Como revendedor, se beneficiar\u00e1 de nuestra amplia gama, plazos de entrega flexibles y nuestra experiencia en el sector de la panader\u00eda. No dude en ponerse en contacto con nosotros para saber m\u00e1s sobre las posibilidades de trabajar con nosotros.[\/vc_column_text][vc_column_text]<\/p>\n<h3><strong>Puntos de venta<\/strong><\/h3>\n<p><strong>Panader\u00eda San Agustin<\/strong><br \/>\nLas Dalias 12 35100 San Agustin<\/p>\n<p><strong>Panader\u00eda Danubio<\/strong><br \/>\nAvda. De Italia 4 35100 Playa del Ingles<\/p>\n<p><strong>Panader\u00eda Do\u00f1ana<\/strong><br \/>\nAptos. Do\u00f1ana Local 831832 \u2013 Patalavaca<\/p>\n<p>&nbsp;<\/p>\n<h3><strong>Servimos deliciosos pasteles y tartas:<\/strong><\/h3>\n<p><strong>Cafeter\u00eda Maximilians<\/strong><br \/>\nMeloneras Boulevard<br \/>\n<strong><br \/>\nCafe Mozart I<br \/>\n<\/strong>En Playa del Ingles en el centro comercial Anexo 1<\/p>\n<p><strong>Cafe Mozart II<br \/>\n<\/strong>En Playa del Ingles en el centro comercial Anexo 1<\/p>\n<p><strong>Nuevo Bar Rokoko<\/strong>[\/vc_column_text][\/vc_column][\/vc_row][vc_row row_content_width=\u00bbgrid\u00bb css=\u00bb.vc_custom_1727450946565{padding-bottom: 20px !important;}\u00bb][vc_column][vc_column_text css=\u00bb.vc_custom_1727450797526{padding-bottom: 25px !important;}\u00bb]<\/p>\n<h1 style=\"text-align: center;\">FAQ<\/h1>\n<p>[\/vc_column_text]<div class=\"mkdf-accordion-holder mkdf-ac-default  mkdf-accordion mkdf-ac-boxed  clearfix\">\n\t<h3 class=\"mkdf-accordion-title\">\n    <span class=\"mkdf-accordion-mark\">\n\t\t<span class=\"mkdf_icon_plus icon_plus\"><\/span>\n\t\t<span class=\"mkdf_icon_minus icon_minus-06\"><\/span>\n\t<\/span>\n\t<span class=\"mkdf-tab-title\">\u00bfCu\u00e1ndo abren las sucursales de la panader\u00eda Zipf?<\/span>\n<\/h3>\n<div class=\"mkdf-accordion-content\">\n\t<div class=\"mkdf-accordion-content-inner\">\n\t\t[vc_column_text]El horario de apertura var\u00eda, pero las sucursales suelen estar abiertas a partir de las 8.00 h. Los horarios m\u00e1s precisos dependen de la sucursal.[\/vc_column_text]\t<\/div>\n<\/div><h3 class=\"mkdf-accordion-title\">\n    <span class=\"mkdf-accordion-mark\">\n\t\t<span class=\"mkdf_icon_plus icon_plus\"><\/span>\n\t\t<span class=\"mkdf_icon_minus icon_minus-06\"><\/span>\n\t<\/span>\n\t<span class=\"mkdf-tab-title\">\u00bfHay productos reci\u00e9n horneados los domingos?<\/span>\n<\/h3>\n<div class=\"mkdf-accordion-content\">\n\t<div class=\"mkdf-accordion-content-inner\">\n\t\t[vc_column_text]S\u00ed, la panader\u00eda Zipf tambi\u00e9n ofrece sus productos reci\u00e9n horneados los domingos.<br \/>\nExcepto la sucursal de Cita, que cierra los domingos.[\/vc_column_text]\t<\/div>\n<\/div><h3 class=\"mkdf-accordion-title\">\n    <span class=\"mkdf-accordion-mark\">\n\t\t<span class=\"mkdf_icon_plus icon_plus\"><\/span>\n\t\t<span class=\"mkdf_icon_minus icon_minus-06\"><\/span>\n\t<\/span>\n\t<span class=\"mkdf-tab-title\">\u00bfOfrecen tambi\u00e9n productos sin gluten?<\/span>\n<\/h3>\n<div class=\"mkdf-accordion-content\">\n\t<div class=\"mkdf-accordion-content-inner\">\n\t\t[vc_column_text]Actualmente no ofrecemos ning\u00fan producto sin gluten, ya que estamos especializados en productos de panader\u00eda tradicional que contienen harina de trigo.<br \/>\nSin embargo, siempre estamos trabajando para ampliar nuestra gama y estamos estudiando opciones para el futuro. Si tienes alg\u00fan requisito especial, ponte en contacto con nosotros para que podamos recomendarte alternativas.[\/vc_column_text]\t<\/div>\n<\/div><h3 class=\"mkdf-accordion-title\">\n    <span class=\"mkdf-accordion-mark\">\n\t\t<span class=\"mkdf_icon_plus icon_plus\"><\/span>\n\t\t<span class=\"mkdf_icon_minus icon_minus-06\"><\/span>\n\t<\/span>\n\t<span class=\"mkdf-tab-title\">\u00bfQu\u00e9 tipos de pan ofrecen?<\/span>\n<\/h3>\n<div class=\"mkdf-accordion-content\">\n\t<div class=\"mkdf-accordion-content-inner\">\n\t\t[vc_column_text]Ofrecemos una gran variedad de panes, como pan de centeno, pan de espelta, pan integral, pan de masa madre y muchos m\u00e1s. Puedes encontrar una lista completa en nuestra p\u00e1gina de productos.[\/vc_column_text]\t<\/div>\n<\/div><h3 class=\"mkdf-accordion-title\">\n    <span class=\"mkdf-accordion-mark\">\n\t\t<span class=\"mkdf_icon_plus icon_plus\"><\/span>\n\t\t<span class=\"mkdf_icon_minus icon_minus-06\"><\/span>\n\t<\/span>\n\t<span class=\"mkdf-tab-title\">\u00bfUtiliza aditivos artificiales o conservantes?<\/span>\n<\/h3>\n<div class=\"mkdf-accordion-content\">\n\t<div class=\"mkdf-accordion-content-inner\">\n\t\t[vc_column_text]No, prescindimos por completo de aditivos artificiales y conservantes.<br \/>\nNuestros productos de panader\u00eda son naturales y frescos.[\/vc_column_text]\t<\/div>\n<\/div><h3 class=\"mkdf-accordion-title\">\n    <span class=\"mkdf-accordion-mark\">\n\t\t<span class=\"mkdf_icon_plus icon_plus\"><\/span>\n\t\t<span class=\"mkdf_icon_minus icon_minus-06\"><\/span>\n\t<\/span>\n\t<span class=\"mkdf-tab-title\">\u00bfTiene productos de pasteler\u00eda de temporada?<\/span>\n<\/h3>\n<div class=\"mkdf-accordion-content\">\n\t<div class=\"mkdf-accordion-content-inner\">\n\t\t[vc_column_text]S\u00ed, ofrecemos productos horneados especiales para distintas estaciones y ocasiones, como stollen de Navidad, galletas de Pascua y pasteles de temporada.<br \/>\nVuelve a visitarnos regularmente para no perderte ninguna novedad.[\/vc_column_text]\t<\/div>\n<\/div><h3 class=\"mkdf-accordion-title\">\n    <span class=\"mkdf-accordion-mark\">\n\t\t<span class=\"mkdf_icon_plus icon_plus\"><\/span>\n\t\t<span class=\"mkdf_icon_minus icon_minus-06\"><\/span>\n\t<\/span>\n\t<span class=\"mkdf-tab-title\">\u00bfQu\u00e9 hago si no estoy satisfecho con un producto?<\/span>\n<\/h3>\n<div class=\"mkdf-accordion-content\">\n\t<div class=\"mkdf-accordion-content-inner\">\n\t\t[vc_column_text]Tu satisfacci\u00f3n es importante para nosotros. Ponte en contacto directamente con nuestro personal o utiliza nuestro formulario de contacto. Seguro que encontramos una soluci\u00f3n a tu problema.[\/vc_column_text]\t<\/div>\n<\/div><\/div>[\/vc_column][\/vc_row]<\/p>\n","protected":false},"excerpt":{"rendered":"<p>[vc_row css=\u00bb.vc_custom_1726071031739{padding-bottom: 30px !important;}\u00bb][vc_column][\/vc_column][\/vc_row][vc_row row_content_width=\u00bbgrid\u00bb css=\u00bb.vc_custom_1727456152656{padding-top: 25px !important;padding-bottom: 40px !important;}\u00bb][vc_column [&hellip;]<\/p>\n","protected":false},"author":1,"featured_media":0,"parent":0,"menu_order":0,"comment_status":"closed","ping_status":"closed","template":"full-width.php","meta":{"footnotes":""},"class_list":["post-4621","page","type-page","status-publish","hentry"],"_links":{"self":[{"href":"https:\/\/www.panaderia-zipf.com\/es\/wp-json\/wp\/v2\/pages\/4621","targetHints":{"allow":["GET"]}}],"collection":[{"href":"https:\/\/www.panaderia-zipf.com\/es\/wp-json\/wp\/v2\/pages"}],"about":[{"href":"https:\/\/www.panaderia-zipf.com\/es\/wp-json\/wp\/v2\/types\/page"}],"author":[{"embeddable":true,"href":"https:\/\/www.panaderia-zipf.com\/es\/wp-json\/wp\/v2\/users\/1"}],"replies":[{"embeddable":true,"href":"https:\/\/www.panaderia-zipf.com\/es\/wp-json\/wp\/v2\/comments?post=4621"}],"version-history":[{"count":32,"href":"https:\/\/www.panaderia-zipf.com\/es\/wp-json\/wp\/v2\/pages\/4621\/revisions"}],"predecessor-version":[{"id":5978,"href":"https:\/\/www.panaderia-zipf.com\/es\/wp-json\/wp\/v2\/pages\/4621\/revisions\/5978"}],"wp:attachment":[{"href":"https:\/\/www.panaderia-zipf.com\/es\/wp-json\/wp\/v2\/media?parent=4621"}],"curies":[{"name":"wp","href":"https:\/\/api.w.org\/{rel}","templated":true}]}}